{"id":847,"date":"2017-03-06T11:31:57","date_gmt":"2017-03-06T11:31:57","guid":{"rendered":"https:\/\/www.giacomo-design.com\/product\/zegarek-giacomo-design-classico-brazowybrazowa-skora-chronograf\/"},"modified":"2019-04-01T09:09:40","modified_gmt":"2019-04-01T09:09:40","slug":"classico-gd01002","status":"publish","type":"product","link":"https:\/\/www.giacomo-design.com\/pl\/produkt\/classico-gd01002\/","title":{"rendered":"Classico GD01002"},"content":{"rendered":"","protected":false},"excerpt":{"rendered":"<p style=\"text-align: left;\">Seria Classico \u2013 klasyka nigdy nie wyjdzie z mody!<br \/>\nTen model Classico posiada srebrn\u0105 stalow\u0105 kopert\u0119 o matowej strukturze, wykonan\u0105 z du\u017c\u0105 dok\u0142adno\u015bci\u0105. Br\u0105zowy kolor tarczy i bia\u0142e indeksy doskonale komponuj\u0105 si\u0119 z br\u0105zowym sk\u00f3rzanym paskiem.<\/p>\n","protected":false},"featured_media":807,"comment_status":"open","ping_status":"closed","template":"","meta":[],"class_list":["post-847","product","type-product","status-publish","has-post-thumbnail","hentry","product_cat-chronograf","product_tag-matowy","product_tag-skora","product_tag-stylowy-pl","pa_additionalfeatures-chronograf","pa_additionalfeatures-data-dzien-miesiaca","pa_casebackmaterial-stal-nierdzewna","pa_casematerial-stal-nierdzewna","pa_clasptype-klamra","pa_dialcolor-brazowy","pa_glass-krysztal-mineralny","pa_movement-japonski-vr32","pa_strapcolor-brazowy","pa_strapmaterial-skora-naturalna-pl","pa_warranty-2-lata","collection-classico-pl","dial_color-brazowy","strap_color-brazowy","case_material-stal-nierdzewna","strap_material-skora"],"aioseo_notices":[],"post_mailing_queue_ids":[],"_links":{"self":[{"href":"https:\/\/www.giacomo-design.com\/pl\/wp-json\/wp\/v2\/product\/847","targetHints":{"allow":["GET"]}}],"collection":[{"href":"https:\/\/www.giacomo-design.com\/pl\/wp-json\/wp\/v2\/product"}],"about":[{"href":"https:\/\/www.giacomo-design.com\/pl\/wp-json\/wp\/v2\/types\/product"}],"replies":[{"embeddable":true,"href":"https:\/\/www.giacomo-design.com\/pl\/wp-json\/wp\/v2\/comments?post=847"}],"wp:featuredmedia":[{"embeddable":true,"href":"https:\/\/www.giacomo-design.com\/pl\/wp-json\/wp\/v2\/media\/807"}],"wp:attachment":[{"href":"https:\/\/www.giacomo-design.com\/pl\/wp-json\/wp\/v2\/media?parent=847"}],"curies":[{"name":"wp","href":"https:\/\/api.w.org\/{rel}","templated":true}]}}