{"id":9642,"date":"2018-03-27T15:03:24","date_gmt":"2018-03-27T15:05:20","guid":{"rendered":"https:\/\/www.giacomo-design.com\/?post_type=product&#038;p=9642"},"modified":"2024-05-08T21:59:25","modified_gmt":"2024-05-08T21:59:25","slug":"drewniane-pudelko","status":"publish","type":"product","link":"https:\/\/www.giacomo-design.com\/pl\/produkt\/drewniane-pudelko\/","title":{"rendered":"Drewniane pude\u0142ko"},"content":{"rendered":"","protected":false},"excerpt":{"rendered":"<p>Szukasz wyj\u0105tkowego pude\u0142ka na zegarek? Oto nasza propozycja. Wykonane z drewna babusowego opakowanie z pewno\u015bci\u0105 przypadnie Ci do gustu.<\/p>\n","protected":false},"featured_media":0,"comment_status":"open","ping_status":"closed","template":"","meta":[],"class_list":["post-9642","product","type-product","status-publish","hentry","product_cat-dodatki"],"aioseo_notices":[],"post_mailing_queue_ids":[],"_links":{"self":[{"href":"https:\/\/www.giacomo-design.com\/pl\/wp-json\/wp\/v2\/product\/9642","targetHints":{"allow":["GET"]}}],"collection":[{"href":"https:\/\/www.giacomo-design.com\/pl\/wp-json\/wp\/v2\/product"}],"about":[{"href":"https:\/\/www.giacomo-design.com\/pl\/wp-json\/wp\/v2\/types\/product"}],"replies":[{"embeddable":true,"href":"https:\/\/www.giacomo-design.com\/pl\/wp-json\/wp\/v2\/comments?post=9642"}],"wp:attachment":[{"href":"https:\/\/www.giacomo-design.com\/pl\/wp-json\/wp\/v2\/media?parent=9642"}],"curies":[{"name":"wp","href":"https:\/\/api.w.org\/{rel}","templated":true}]}}